{"id":26,"date":"2025-02-01T04:35:42","date_gmt":"2025-02-01T04:35:42","guid":{"rendered":"https:\/\/raqamli.e-darslik.uz\/wp\/?page_id=26"},"modified":"2025-02-03T09:54:38","modified_gmt":"2025-02-03T09:54:38","slug":"janaliqlar","status":"publish","type":"page","link":"https:\/\/raqamli.e-darslik.uz\/wp\/?page_id=26","title":{"rendered":"Ja\u0144al\u0131qlar"},"content":{"rendered":"\t\t<div data-elementor-type=\"wp-page\" data-elementor-id=\"26\" class=\"elementor elementor-26\" data-elementor-post-type=\"page\">\n\t\t\t\t<div class=\"elementor-element elementor-element-9cb4fe4 e-flex e-con-boxed e-con e-parent\" data-id=\"9cb4fe4\" data-element_type=\"container\" data-settings=\"{&quot;background_background&quot;:&quot;classic&quot;}\">\n\t\t\t\t\t<div class=\"e-con-inner\">\n\t\t\t\t\t<\/div>\n\t\t\t\t<\/div>\n\t\t<div class=\"elementor-element elementor-element-dd479da e-flex e-con-boxed e-con e-parent\" data-id=\"dd479da\" data-element_type=\"container\">\n\t\t\t\t\t<div class=\"e-con-inner\">\n\t\t<div class=\"elementor-element elementor-element-af4be3e e-con-full e-flex e-con e-child\" data-id=\"af4be3e\" data-element_type=\"container\" data-settings=\"{&quot;background_background&quot;:&quot;classic&quot;}\">\n\t\t\t\t<div class=\"elementor-element elementor-element-bb46f56 elementor-widget elementor-widget-text-editor\" data-id=\"bb46f56\" data-element_type=\"widget\" data-widget_type=\"text-editor.default\">\n\t\t\t\t<div class=\"elementor-widget-container\">\n\t\t\t\t\t\t\t\t\t<ul><li><p class=\"leading-8 font-normal\" data-pm-slice=\"1 1 []\"><strong>NMPI docenti, shay\u0131r T\u00farkmenbay Jiyemuratovt\u0131\u0144 ja\u0144a kitab\u0131 baspadan sh\u0131qt\u0131<\/strong><\/p><p class=\"leading-8 font-normal\">\u00c1jiniyaz at\u0131nda\u01f5\u0131 N\u00f3kis m\u00e1mleketlik pedagogikal\u0131q institut\u0131 Baslaw\u0131sh t\u00e1lim fakulteti ul\u0131wma pedagogika h\u00e1m psixologiya kafedras\u0131n\u0131\u0144 docenti, \u00abMurad\u0131y\u00bb \u00e1debiy laqab\u0131 menen d\u00f3retiwshilik etip kiyat\u0131r\u01f5an shay\u0131r T\u00farkmenbay Jiyemuratovt\u0131\u0144 \u00abUsh\u0131\u01f5an\u0131\u0144 q\u0131yq\u0131m\u0131\u00bb atamas\u0131nda\u01f5\u0131 ja\u0144a kitab\u0131 baspadan sh\u0131qt\u0131.<\/p><\/li><\/ul>\t\t\t\t\t\t\t\t<\/div>\n\t\t\t\t<\/div>\n\t\t\t\t<div class=\"elementor-element elementor-element-64fdd8f elementor-widget elementor-widget-text-editor\" data-id=\"64fdd8f\" data-element_type=\"widget\" data-widget_type=\"text-editor.default\">\n\t\t\t\t<div class=\"elementor-widget-container\">\n\t\t\t\t\t\t\t\t\t<ul><li><p class=\"leading-8 font-normal\" data-pm-slice=\"1 1 []\"><strong>Baslaw\u0131sh t\u00e1lim fakultetinde ata-analar menen ush\u0131ras\u0131w bol\u0131p \u00f3tti<\/strong><\/p><p class=\"leading-8 font-normal\">Xabar\u0131\u0144\u0131z bar, us\u0131 j\u0131ld\u0131\u0144 25-26-yanvar k\u00fanleri \u00c1jiniyaz at\u0131nda\u01f5\u0131 N\u00f3kis m\u00e1mleketlik pedagogikal\u0131q institut\u0131n\u0131\u0144 barl\u0131q fakultetlerinde ash\u0131q esikler k\u00fani ilaj\u0131 she\u0144berinde studentlerdi\u0144 ata-analar\u0131 menen ush\u0131ras\u0131wlar sh\u00f3lkemlestirildi.<\/p><\/li><\/ul>\t\t\t\t\t\t\t\t<\/div>\n\t\t\t\t<\/div>\n\t\t\t\t<div class=\"elementor-element elementor-element-6e66a0e elementor-widget elementor-widget-text-editor\" data-id=\"6e66a0e\" data-element_type=\"widget\" data-widget_type=\"text-editor.default\">\n\t\t\t\t<div class=\"elementor-widget-container\">\n\t\t\t\t\t\t\t\t\t<ul><li><p class=\"leading-8 font-normal\" data-pm-slice=\"1 1 []\"><strong>NMPIde rektor h\u00e1m student-jaslar ush\u0131ras\u0131wlar\u0131 bol\u0131p \u00f3tpekte<\/strong><\/p><p class=\"leading-8 font-normal\">Rektor h\u00e1m student-jaslar ush\u0131ras\u0131w\u0131 \u2013 bul oq\u0131w or\u0131nlar\u0131nda bilimlendiriw h\u00e1m ilimni\u0144 rawajlan\u0131w\u0131, studentler turm\u0131s\u0131 h\u00e1m institutta \u00e1melge as\u0131r\u0131l\u0131p at\u0131r\u01f5an ja\u0144alan\u0131wlar haqq\u0131nda pikir almas\u0131w ush\u0131n o\u01f5ada \u00e1hmiyetli ilaj bol\u0131p tab\u0131lad\u0131. Bunday ush\u0131ras\u0131wlar studentlerge bassh\u0131\u01f5a \u00f3z sorawlar\u0131n beriw, mashqalalard\u0131 ash\u0131q-ayd\u0131n bildiriwi, rektor bolsa \u00f3z rejeleri h\u00e1m institutta\u01f5\u0131 ja\u0144a baslamalar haqq\u0131nda ma\u01f5l\u0131wmat beriwi ush\u0131n imkaniyat jaratad\u0131.<\/p><\/li><\/ul>\t\t\t\t\t\t\t\t<\/div>\n\t\t\t\t<\/div>\n\t\t\t\t<\/div>\n\t\t<div class=\"elementor-element elementor-element-ea32773 e-con-full e-flex e-con e-child\" data-id=\"ea32773\" data-element_type=\"container\" data-settings=\"{&quot;background_background&quot;:&quot;classic&quot;}\">\n\t\t\t\t<div class=\"elementor-element elementor-element-faa5f70 elementor-widget elementor-widget-text-editor\" data-id=\"faa5f70\" data-element_type=\"widget\" data-widget_type=\"text-editor.default\">\n\t\t\t\t<div class=\"elementor-widget-container\">\n\t\t\t\t\t\t\t\t\t<ul><li><p class=\"leading-8 font-normal\" data-pm-slice=\"1 1 []\"><strong>Fakultet dekanlar\u0131 h\u00e1m kafedra basl\u0131qlar\u0131 prezentaciyalar\u0131: T\u00e1lim-t\u00e1rbiya procesini\u0144 \u00e1hmiyetli m\u00e1seleleri ke\u0144 t\u00farde dodaland\u0131<\/strong><\/p><p class=\"leading-8 font-normal\">Institut fakultetleri h\u00e1m kafedralar\u0131nda t\u00e1lim-t\u00e1rbiyan\u0131\u0144 sapas\u0131n artt\u0131r\u0131wd\u0131\u0144 \u00e1hmiyeti h\u00e1zirgi waq\u0131tta ilim h\u00e1m bilimlendiriw taraw\u0131nda\u01f5\u0131 tab\u0131sl\u0131 rawajlan\u0131wd\u0131\u0144 tiykar\u01f5\u0131 quraml\u0131q b\u00f3legi bol\u0131p tab\u0131lad\u0131. T\u00e1lim-t\u00e1rbiya sapas\u0131n artt\u0131r\u0131w, birinshi gezekte, oq\u0131w procesini\u0144 n\u00e1tiyjeliligin t\u00e1miyinlew, studentlerge kerekli bilim h\u00e1m k\u00f3nlikpelerdi beriw, sonday-aq, olard\u0131 j\u00e1miyet h\u00e1m ekonomikada belsene qatnas\u0131w\u01f5a tayarlaw\u01f5a x\u0131zmet etedi.<\/p><\/li><\/ul>\t\t\t\t\t\t\t\t<\/div>\n\t\t\t\t<\/div>\n\t\t\t\t<div class=\"elementor-element elementor-element-3fdb6c0 elementor-widget elementor-widget-text-editor\" data-id=\"3fdb6c0\" data-element_type=\"widget\" data-widget_type=\"text-editor.default\">\n\t\t\t\t<div class=\"elementor-widget-container\">\n\t\t\t\t\t\t\t\t\t<ul><li><p class=\"leading-8 font-normal\" data-pm-slice=\"1 1 []\"><strong>Baslaw\u0131sh t\u00e1lim fakultetinde j\u0131l juwma\u01f5\u0131na arnal\u01f5an bayram h\u00e1m s\u0131yl\u0131qlaw ilajlar\u0131 bol\u0131p \u00f3tti<\/strong><\/p><p class=\"leading-8 font-normal\">\u00c1jiniyaz at\u0131nda\u01f5\u0131 N\u00f3kis m\u00e1mleketlik pedagogikal\u0131q institut\u0131 Baslaw\u0131sh t\u00e1lim fakultetinde j\u0131l dawam\u0131nda oq\u0131w, j\u00e1miyetlik jum\u0131slar, m\u00e1mleketlik stipendiya ta\u0144law\u0131 je\u0144impazlar\u0131, j\u0131l studenti ta\u0144law\u0131 je\u0144impazlar\u0131, sport h\u00e1m basqa da jar\u0131slarda joqar\u0131 n\u00e1tiyjelerge erisken student-jaslard\u0131 xoshametlewge arnal\u01f5an bayram keshesi \u00f3tkerildi.<\/p><\/li><\/ul>\t\t\t\t\t\t\t\t<\/div>\n\t\t\t\t<\/div>\n\t\t\t\t<div class=\"elementor-element elementor-element-20924af elementor-widget elementor-widget-text-editor\" data-id=\"20924af\" data-element_type=\"widget\" data-widget_type=\"text-editor.default\">\n\t\t\t\t<div class=\"elementor-widget-container\">\n\t\t\t\t\t\t\t\t\t<ul><li><p class=\"leading-8 font-normal\" data-pm-slice=\"1 1 []\"><strong>Baslaw\u0131sh t\u00e1lim fakultetinde jaslar kitapxanas\u0131 sh\u00f3lkemlestirildi<\/strong><\/p><p class=\"leading-8 font-normal\">Bul jerde student-jaslar bos waq\u0131tlar\u0131n mazmunl\u0131 \u00f3tkerip, kitap oq\u0131w arqal\u0131 ruwx\u0131y d\u00fanyas\u0131n bay\u0131t\u0131w\u0131 h\u00e1m ja\u0144a bilimlerdi \u00f3zlestiriwi m\u00famkin, \u2013 deydi fakultet jaslar jetekshisi Ulzada Umirbaeva.<\/p><\/li><\/ul>\t\t\t\t\t\t\t\t<\/div>\n\t\t\t\t<\/div>\n\t\t\t\t<\/div>\n\t\t\t\t\t<\/div>\n\t\t\t\t<\/div>\n\t\t\t\t<\/div>\n\t\t","protected":false},"excerpt":{"rendered":"<p>NMPI docenti, shay\u0131r T\u00farkmenbay Jiyemuratovt\u0131\u0144 ja\u0144a kitab\u0131 baspadan sh\u0131qt\u0131 \u00c1jiniyaz at\u0131nda\u01f5\u0131 N\u00f3kis m\u00e1mleketlik pedagogikal\u0131q institut\u0131 Baslaw\u0131sh t\u00e1lim fakulteti ul\u0131wma pedagogika [&hellip;]<\/p>\n","protected":false},"author":1,"featured_media":0,"parent":0,"menu_order":8,"comment_status":"closed","ping_status":"closed","template":"","meta":{"site-sidebar-layout":"no-sidebar","site-content-layout":"","ast-site-content-layout":"full-width-container","site-content-style":"default","site-sidebar-style":"default","ast-global-header-display":"","ast-banner-title-visibility":"","ast-main-header-display":"","ast-hfb-above-header-display":"","ast-hfb-below-header-display":"","ast-hfb-mobile-header-display":"","site-post-title":"disabled","ast-breadcrumbs-content":"","ast-featured-img":"disabled","footer-sml-layout":"","theme-transparent-header-meta":"","adv-header-id-meta":"","stick-header-meta":"","header-above-stick-meta":"","header-main-stick-meta":"","header-below-stick-meta":"","astra-migrate-meta-layouts":"default","ast-page-background-enabled":"default","ast-page-background-meta":{"desktop":{"background-color":"var(--ast-global-color-5)","background-image":"","background-repeat":"repeat","background-position":"center center","background-size":"auto","background-attachment":"scroll","background-type":"","background-media":"","overlay-type":"","overlay-color":"","overlay-opacity":"","overlay-gradient":""},"tablet":{"background-color":"","background-image":"","background-repeat":"repeat","background-position":"center center","background-size":"auto","background-attachment":"scroll","background-type":"","background-media":"","overlay-type":"","overlay-color":"","overlay-opacity":"","overlay-gradient":""},"mobile":{"background-color":"","background-image":"","background-repeat":"repeat","background-position":"center center","background-size":"auto","background-attachment":"scroll","background-type":"","background-media":"","overlay-type":"","overlay-color":"","overlay-opacity":"","overlay-gradient":""}},"ast-content-background-meta":{"desktop":{"background-color":"var(--ast-global-color-4)","background-image":"","background-repeat":"repeat","background-position":"center center","background-size":"auto","background-attachment":"scroll","background-type":"","background-media":"","overlay-type":"","overlay-color":"","overlay-opacity":"","overlay-gradient":""},"tablet":{"background-color":"var(--ast-global-color-4)","background-image":"","background-repeat":"repeat","background-position":"center center","background-size":"auto","background-attachment":"scroll","background-type":"","background-media":"","overlay-type":"","overlay-color":"","overlay-opacity":"","overlay-gradient":""},"mobile":{"background-color":"var(--ast-global-color-4)","background-image":"","background-repeat":"repeat","background-position":"center center","background-size":"auto","background-attachment":"scroll","background-type":"","background-media":"","overlay-type":"","overlay-color":"","overlay-opacity":"","overlay-gradient":""}},"footnotes":""},"class_list":["post-26","page","type-page","status-publish","hentry"],"_links":{"self":[{"href":"https:\/\/raqamli.e-darslik.uz\/wp\/index.php?rest_route=\/wp\/v2\/pages\/26","targetHints":{"allow":["GET"]}}],"collection":[{"href":"https:\/\/raqamli.e-darslik.uz\/wp\/index.php?rest_route=\/wp\/v2\/pages"}],"about":[{"href":"https:\/\/raqamli.e-darslik.uz\/wp\/index.php?rest_route=\/wp\/v2\/types\/page"}],"author":[{"embeddable":true,"href":"https:\/\/raqamli.e-darslik.uz\/wp\/index.php?rest_route=\/wp\/v2\/users\/1"}],"replies":[{"embeddable":true,"href":"https:\/\/raqamli.e-darslik.uz\/wp\/index.php?rest_route=%2Fwp%2Fv2%2Fcomments&post=26"}],"version-history":[{"count":19,"href":"https:\/\/raqamli.e-darslik.uz\/wp\/index.php?rest_route=\/wp\/v2\/pages\/26\/revisions"}],"predecessor-version":[{"id":296,"href":"https:\/\/raqamli.e-darslik.uz\/wp\/index.php?rest_route=\/wp\/v2\/pages\/26\/revisions\/296"}],"wp:attachment":[{"href":"https:\/\/raqamli.e-darslik.uz\/wp\/index.php?rest_route=%2Fwp%2Fv2%2Fmedia&parent=26"}],"curies":[{"name":"wp","href":"https:\/\/api.w.org\/{rel}","templated":true}]}}